{"id":428,"date":"2023-09-01T12:58:24","date_gmt":"2023-09-01T16:58:24","guid":{"rendered":"https:\/\/csiacommunique.com\/?page_id=428"},"modified":"2023-09-22T18:03:38","modified_gmt":"2023-09-22T18:03:38","slug":"about-us","status":"publish","type":"page","link":"https:\/\/www.csiacommunique.com\/fr\/about-us\/","title":{"rendered":"\u00c0 notre sujet"},"content":{"rendered":"<p>[et_pb_section fb_built=\u00a0\u00bb1&Prime; admin_label=\u00a0\u00bbDLE Contact Page 02&Prime; _builder_version=\u00a0\u00bb4.21.0&Prime; _module_preset=\u00a0\u00bbdefault\u00a0\u00bb background_color=\u00a0\u00bbrgba(13,30,37,0.44)\u00a0\u00bb background_image=\u00a0\u00bbhttps:\/\/csiacommunique.com\/wp-content\/uploads\/2023\/07\/pexels-pixabay-414124-scaled.jpg\u00a0\u00bb background_position=\u00a0\u00bbtop_center\u00a0\u00bb background_blend=\u00a0\u00bbdarken\u00a0\u00bb locked=\u00a0\u00bboff\u00a0\u00bb global_colors_info=\u00a0\u00bb{}\u00a0\u00bb][et_pb_row _builder_version=\u00a0\u00bb4.16&Prime; _module_preset=\u00a0\u00bbdefault\u00a0\u00bb global_colors_info=\u00a0\u00bb{}\u00a0\u00bb][et_pb_column type=\u00a0\u00bb4_4&Prime; _builder_version=\u00a0\u00bb4.16&Prime; _module_preset=\u00a0\u00bbdefault\u00a0\u00bb global_colors_info=\u00a0\u00bb{}\u00a0\u00bb][et_pb_text _builder_version=\u00a0\u00bb4.21.0&Prime; _dynamic_attributes=\u00a0\u00bbcontent\u00a0\u00bb _module_preset=\u00a0\u00bbdefault\u00a0\u00bb header_font=\u00a0\u00bb|||on|||||\u00a0\u00bb header_text_color=\u00a0\u00bb#FFFFFF\u00a0\u00bb header_font_size=\u00a0\u00bb70px\u00a0\u00bb text_orientation=\u00a0\u00bbcenter\u00a0\u00bb header_font_size_tablet=\u00a0\u00bb50px\u00a0\u00bb header_font_size_phone=\u00a0\u00bb35px\u00a0\u00bb header_font_size_last_edited=\u00a0\u00bbon|phone\u00a0\u00bb global_colors_info=\u00a0\u00bb{}\u00a0\u00bb]@ET-DC@eyJkeW5hbWljIjp0cnVlLCJjb250ZW50IjoicG9zdF90aXRsZSIsInNldHRpbmdzIjp7ImJlZm9yZSI6IjxoMT4iLCJhZnRlciI6IjwvaDE+In19@[\/et_pb_text][\/et_pb_column][\/et_pb_row][\/et_pb_section][et_pb_section fb_built=\u00a0\u00bb1&Prime; _builder_version=\u00a0\u00bb4.21.0&Prime; _module_preset=\u00a0\u00bbdefault\u00a0\u00bb custom_padding=\u00a0\u00bb||150px||false|false\u00a0\u00bb global_colors_info=\u00a0\u00bb{}\u00a0\u00bb][et_pb_row column_structure=\u00a0\u00bb2_3,1_3&Prime; module_class=\u00a0\u00bbreverse-columns-on-mobile\u00a0\u00bb _builder_version=\u00a0\u00bb4.21.0&Prime; _module_preset=\u00a0\u00bbdefault\u00a0\u00bb global_colors_info=\u00a0\u00bb{}\u00a0\u00bb][et_pb_column type=\u00a0\u00bb2_3&Prime; _builder_version=\u00a0\u00bb4.21.0&Prime; _module_preset=\u00a0\u00bbdefault\u00a0\u00bb global_colors_info=\u00a0\u00bb{}\u00a0\u00bb][et_pb_text module_id=\u00a0\u00bbwho-is-csia\u00a0\u00bb _builder_version=\u00a0\u00bb4.21.0&Prime; _module_preset=\u00a0\u00bbdefault\u00a0\u00bb header_2_line_height=\u00a0\u00bb2em\u00a0\u00bb global_colors_info=\u00a0\u00bb{}\u00a0\u00bb]<\/p>\n<h2>Qui sommes-nous?<\/h2>\n<p>Fond\u00e9e en 1938 et constitu\u00e9e en soci\u00e9t\u00e9 \u00e0 titre d\u2019organisme \u00e0 but non lucratif en 1949, l\u2019Alliance des moniteurs de ski du Canada (AMSC), est l\u2019organisme professionnel charg\u00e9 de l\u2019enseignement du ski au Canada. L\u2019AMSC est reconnue comme une institution d\u2019enseignement f\u00e9d\u00e9rale et son objectif est de former et de certifier des moniteurs de ski comp\u00e9tents dans l\u2019int\u00e9r\u00eat de ses partenaires (les \u00e9coles de neige) et le public canadien.<\/p>\n<p>L\u2019AMSC se divise en six r\u00e9gions administratives : la r\u00e9gion de l\u2019Atlantique, le Qu\u00e9bec, l\u2019Ontario, le Centre, l\u2019Alberta et la Colombie-Britannique. Chaque r\u00e9gion est repr\u00e9sent\u00e9e au conseil d\u2019administration national. Les six membres du conseil national m\u00e8nent les affaires de l\u2019AMSC. Les affaires r\u00e9gionales sont prises en charge par les gens des comit\u00e9s r\u00e9gionaux, qui r\u00e9pondent aux besoins des r\u00e9gions par le biais des communications et des \u00e9v\u00e9nements r\u00e9gionaux.<\/p>\n<p>[\/et_pb_text][et_pb_text module_id=\u00a0\u00bbmission-statement\u00a0\u00bb _builder_version=\u00a0\u00bb4.21.0&Prime; _module_preset=\u00a0\u00bbdefault\u00a0\u00bb header_2_line_height=\u00a0\u00bb2em\u00a0\u00bb custom_margin=\u00a0\u00bb60px||||false|false\u00a0\u00bb global_colors_info=\u00a0\u00bb{}\u00a0\u00bb]<\/p>\n<h2>Quel est le mandat de l&rsquo;AMSC?<\/h2>\n<p>L\u2019Alliance des moniteurs de ski du Canada offre une qualit\u00e9 sup\u00e9rieure de formation en enseignement du ski, contribuant ainsi \u00e0 la croissance et au plaisir du sport.<\/p>\n<p>\u00c0 l\u2019AMSC, nous valorisons notre sport et son environnement, nos membres, nos partenaires et le public skieur. \u00c0 titre de chef de file en enseignement du ski au Canada et en tant que collaborateurs appr\u00e9ci\u00e9s et respect\u00e9s dans le domaine, nous d\u00e9veloppons une exp\u00e9rience client s\u00e9curitaire et enrichissante, une m\u00e9thode \u00e9volutive et nous \u00e9tablissons les normes d\u2019enseignement du ski d\u2019un bout \u00e0 l\u2019autre du pays.<\/p>\n<p>[\/et_pb_text][et_pb_text module_id=\u00a0\u00bbwhat-do-we-offer\u00a0\u00bb _builder_version=\u00a0\u00bb4.21.0&Prime; _module_preset=\u00a0\u00bbdefault\u00a0\u00bb header_2_line_height=\u00a0\u00bb2em\u00a0\u00bb custom_margin=\u00a0\u00bb60px||||false|false\u00a0\u00bb global_colors_info=\u00a0\u00bb{}\u00a0\u00bb]<\/p>\n<h2>Qu&rsquo;est-ce que nous offrons?<\/h2>\n<p>Le programme d&rsquo;\u00e9ducation de l&rsquo;AMSC offre quatre niveaux de certification et du d\u00e9veloppement professionnel exhaustif avec les Journ\u00e9es Pro. Les programmes sont administr\u00e9s par le comit\u00e9 technique et le bureau national qui se situe \u00e0 Montr\u00e9al au Qu\u00e9bec.<\/p>\n<p>Quiconque d\u00e9sire devenir un membre r\u00e9gulier de l\u2019AMSC, doit participer et r\u00e9ussir un programme de certification. Chaque membre a acc\u00e8s \u00e0 de la formation approfondie et re\u00e7oit des communications et du mat\u00e9riel en ligne de l\u2019AMSC.<\/p>\n<p>[\/et_pb_text][et_pb_text module_id=\u00a0\u00bbinternational-affiliations\u00a0\u00bb _builder_version=\u00a0\u00bb4.21.0&Prime; _module_preset=\u00a0\u00bbdefault\u00a0\u00bb header_2_line_height=\u00a0\u00bb2em\u00a0\u00bb custom_margin=\u00a0\u00bb60px||||false|false\u00a0\u00bb global_colors_info=\u00a0\u00bb{}\u00a0\u00bb]<\/p>\n<h2>Affiliations internationales<\/h2>\n<p>L\u2019AMSC est membre de l\u2019Association internationale des moniteurs de ski (AIMS), l\u2019organisme qui englobe les associations nationales d\u2019enseignement du ski de 38 pays alpins. L\u2019objectif de l\u2019AIMS est de fournir un forum pour un \u00e9change d\u2019id\u00e9es entre les nations afin d\u2019harmoniser les \u00e9quivalences de certification en ce qui a trait aux normes internationales. En plus de se rencontrer \u00e0 tous les ans, les pays se rassemblent \u00e0 tous les quatre ans, dans le cadre du congr\u00e8s Interski, un \u00e9v\u00e9nement sur neige de grande envergure.<\/p>\n<p>&nbsp;<\/p>\n<p>[\/et_pb_text][\/et_pb_column][et_pb_column type=\u00a0\u00bb1_3&Prime; _builder_version=\u00a0\u00bb4.21.0&Prime; _module_preset=\u00a0\u00bbdefault\u00a0\u00bb global_colors_info=\u00a0\u00bb{}\u00a0\u00bb][et_pb_text _builder_version=\u00a0\u00bb4.21.0&Prime; _module_preset=\u00a0\u00bbdefault\u00a0\u00bb sticky_position=\u00a0\u00bbtop\u00a0\u00bb sticky_limit_bottom=\u00a0\u00bbbody\u00a0\u00bb hover_enabled=\u00a0\u00bb0&Prime; sticky_position_tablet=\u00a0\u00bbtop\u00a0\u00bb sticky_position_phone=\u00a0\u00bbnone\u00a0\u00bb sticky_position_last_edited=\u00a0\u00bbon|phone\u00a0\u00bb global_colors_info=\u00a0\u00bb{}\u00a0\u00bb sticky_enabled=\u00a0\u00bb0&Prime;]<\/p>\n<h3 style=\"text-align: left;\">Liens Rapides<\/h3>\n<p>&nbsp;<\/p>\n<ul>\n<li><a href=\"#who-is-csia\">Qui sommes-nous?<\/a><\/li>\n<li><a href=\"#mission-statement\">Quel est le mandat de l&rsquo;AMSC?<\/a><\/li>\n<li><a href=\"#what-do-we-offer\">Qu&rsquo;est-ce que nous offrons?<\/a><\/li>\n<li><a href=\"#international-affiliations\">Affiliations internationales<\/a><\/li>\n<\/ul>\n<p>[\/et_pb_text][\/et_pb_column][\/et_pb_row][\/et_pb_section]<\/p>\n","protected":false},"excerpt":{"rendered":"<p>Qui sommes-nous? Fond\u00e9e en 1938 et constitu\u00e9e en soci\u00e9t\u00e9 \u00e0 titre d\u2019organisme \u00e0 but non lucratif en 1949, l\u2019Alliance des moniteurs de ski du Canada (AMSC), est l\u2019organisme professionnel charg\u00e9 de l\u2019enseignement du ski au Canada. L\u2019AMSC est reconnue comme une institution d\u2019enseignement f\u00e9d\u00e9rale et son objectif est de former et de certifier des moniteurs [&hellip;]<\/p>\n","protected":false},"author":1,"featured_media":0,"parent":0,"menu_order":0,"comment_status":"closed","ping_status":"closed","template":"","meta":{"_et_pb_use_builder":"on","_et_pb_old_content":"[et_pb_section fb_built=\"1\" admin_label=\"DLE Contact Page 02\" _builder_version=\"4.21.0\" _module_preset=\"default\" background_color=\"rgba(13,30,37,0.44)\" background_image=\"https:\/\/csiacommunique.com\/wp-content\/uploads\/2023\/07\/pexels-pixabay-414124-scaled.jpg\" background_position=\"top_center\" background_blend=\"darken\" locked=\"off\" global_colors_info=\"{}\"][et_pb_row _builder_version=\"4.16\" _module_preset=\"default\" global_colors_info=\"{}\"][et_pb_column type=\"4_4\" _builder_version=\"4.16\" _module_preset=\"default\" global_colors_info=\"{}\"][et_pb_text _builder_version=\"4.21.0\" _dynamic_attributes=\"content\" _module_preset=\"default\" header_font=\"|||on|||||\" header_text_color=\"#FFFFFF\" header_font_size=\"70px\" text_orientation=\"center\" header_font_size_tablet=\"50px\" header_font_size_phone=\"35px\" header_font_size_last_edited=\"on|phone\" global_colors_info=\"{}\"]@ET-DC@eyJkeW5hbWljIjp0cnVlLCJjb250ZW50IjoicG9zdF90aXRsZSIsInNldHRpbmdzIjp7ImJlZm9yZSI6IjxoMT4iLCJhZnRlciI6IjwvaDE+In19@[\/et_pb_text][\/et_pb_column][\/et_pb_row][\/et_pb_section][et_pb_section fb_built=\"1\" _builder_version=\"4.21.0\" _module_preset=\"default\" custom_padding=\"||150px||false|false\" global_colors_info=\"{}\"][et_pb_row column_structure=\"2_3,1_3\" module_class=\"reverse-columns-on-mobile\" _builder_version=\"4.21.0\" _module_preset=\"default\" global_colors_info=\"{}\"][et_pb_column type=\"2_3\" _builder_version=\"4.21.0\" _module_preset=\"default\" global_colors_info=\"{}\"][et_pb_text module_id=\"who-is-csia\" _builder_version=\"4.21.0\" _module_preset=\"default\" header_2_line_height=\"2em\" global_colors_info=\"{}\"]\n<h2>Who is the CSIA?<\/h2>\nFounded in 1938 and incorporated in 1949 as a not-for-profit organization, the CSIA is the professional ski teaching body in Canada. It is a federally recognized teaching institution and it trains and certifies Ski Instructors to best serve its Partners such as Snow Schools and the Canadian Skiing Public.\n\nCanada has six CSIA Regions: Atlantic, Qu\u00e9bec, Ontario, Central, Alberta and British Columbia \u2014 each represented on the Board of Directors. The six members of the National Board of Directors conduct the affairs and business of the CSIA. Regional affairs are addressed through Regional Committees, who are serving regional needs through Member Communications and Regional Events.\n\n[\/et_pb_text][et_pb_text module_id=\"mission-statement\" _builder_version=\"4.21.0\" _module_preset=\"default\" header_2_line_height=\"2em\" custom_margin=\"60px||||false|false\" global_colors_info=\"{}\"]\n<h2>What is our Mission Statement?<\/h2>\nThe Canadian Ski Instructors\u2019 Alliance provides excellence in education for the profession of ski teaching, contributing to the growth and enjoyment of skiing.\n\nAt the Canadian Ski Instructors' Alliance (CSIA), we value our sport and its environment, our Members, our Partners and the Skiing Public. As the leader in the profession of ski instruction and a most valued and respected contributor to the sport of skiing, we develop a safe and positive guest experience, a progressive approach and set national standards in ski teaching.\n\n[\/et_pb_text][et_pb_text module_id=\"diversity-equality\" _builder_version=\"4.21.0\" _module_preset=\"default\" header_2_line_height=\"2em\" custom_margin=\"60px||||false|false\" global_colors_info=\"{}\"]\n<h2>Diversity and Equality<\/h2>\n<em>\u201cThe Canadian Ski Instructors\u2019 Alliance stands for equality\u201d.<\/em>\n\nThese are challenging times. Our sphere of influence is the passion for our sport and our love of the mountains. It is this realm that gives us a unique opportunity to help shape the future.\n\nWe want everyone to join us on the slopes. Everyone. In recent months, we have made some of the biggest changes in the organization\u2019s history. It is our goal to embrace all those communities that have been underrepresented in our organization as Instructors. We are motivated to provide an educational system that provides the opportunity for anyone to be successful.\n\nA deep connection is the cornerstone of us being compassionate and respectful to one another. Our sport creates such a connection. It is the essence of our profession. <strong>Our journey to be better never ends.<\/strong>\n\n[\/et_pb_text][et_pb_text module_id=\"what-do-we-offer\" _builder_version=\"4.21.0\" _module_preset=\"default\" header_2_line_height=\"2em\" custom_margin=\"60px||||false|false\" global_colors_info=\"{}\"]\n<h2>What do we Offer?<\/h2>\nCSIA Education includes Programs with four Certification Levels and extensive Professional Development with Pro Days. Programs are administered under the technical guidelines established by the Technical Committee and the National Office, which is based out of Montr\u00e9al, Qu\u00e9bec.\n\nAnyone who wishes to become a regular Member of the CSIA must attend and pass a Certification Program. Each Member has access to all types of training and education and receives communications and online material provided by the CSIA.\n\n[\/et_pb_text][et_pb_divider color=\"#E02B20\" divider_position=\"center\" divider_weight=\"2px\" _builder_version=\"4.21.0\" _module_preset=\"default\" custom_margin=\"60px||20px||false|false\" global_colors_info=\"{}\" color__hover_enabled=\"off|desktop\"][\/et_pb_divider][et_pb_text module_id=\"connect-with-canada\" _builder_version=\"4.21.0\" _module_preset=\"default\" header_2_line_height=\"2em\" custom_margin=\"60px||||false|false\" global_colors_info=\"{}\"]\n<h2 class=\"Paragraph __\">Connect with\u00a0Regions across Canada<\/h2>\n<p class=\"Paragraph __\"><strong>Atlantic Region:<\/strong><span>\u00a0<\/span>Facebook Page<span>\u00a0<\/span><span><a href=\"https:\/\/www.facebook.com\/groups\/160927868656\/\" target=\"_blank\" rel=\"noopener noreferrer\">click here<\/a><\/span><\/p>\n<p class=\"Paragraph __\"><strong>Qu\u00e9bec Region:<\/strong><span>\u00a0<\/span>Website<span>\u00a0<\/span><span><a href=\"https:\/\/www.amscquebec.com\/\" target=\"_blank\" rel=\"noopener noreferrer\">click here<\/a><\/span>, Facebook Page<span>\u00a0<\/span><span><a href=\"https:\/\/www.facebook.com\/amscquebec\/\" target=\"_blank\" rel=\"noopener noreferrer\">click here<\/a><\/span><\/p>\n<p class=\"Paragraph __\"><strong>Ontario Region:<\/strong>\u00a0Website<span>\u00a0<\/span><span><a href=\"https:\/\/csiaontario.com\/\" target=\"_blank\" rel=\"noopener noreferrer\">click here<\/a><\/span>, Facebook Page<span>\u00a0<\/span><span><a href=\"https:\/\/www.facebook.com\/csiaontario\/\" target=\"_blank\" rel=\"noopener noreferrer\">click here<\/a><\/span><\/p>\n<p class=\"Paragraph __\"><strong>Central Region:<\/strong>\u00a0Facebook Page<span>\u00a0<\/span><span><a href=\"https:\/\/www.facebook.com\/csiacentral\/\" target=\"_blank\" rel=\"noopener noreferrer\">click here<\/a><\/span><\/p>\n<p class=\"Paragraph __\"><strong>Alberta Region:<\/strong>\u00a0Website<span>\u00a0<\/span><span><a href=\"http:\/\/www.snowproab.com\/skipro\/alberta\/\" target=\"_blank\" rel=\"noopener noreferrer\">click here<\/a><\/span>, Facebook Page<span>\u00a0<\/span><span><a href=\"https:\/\/www.facebook.com\/CSIAAlberta\/\" target=\"_blank\" rel=\"noopener noreferrer\">click here<\/a><\/span><\/p>\n<p class=\"Paragraph __\"><strong>British Columbia:<\/strong>\u00a0Website<span>\u00a0<\/span><span><a href=\"http:\/\/www.snowprobc.com\/\" target=\"_blank\" rel=\"noopener noreferrer\">click here<\/a><\/span>, Facebook Page<span>\u00a0<\/span><span><a href=\"https:\/\/www.facebook.com\/CSIABC\/\" target=\"_blank\" rel=\"noopener noreferrer\">click here<\/a><\/span><\/p>\n[\/et_pb_text][et_pb_divider color=\"#E02B20\" divider_position=\"center\" divider_weight=\"2px\" _builder_version=\"4.21.0\" _module_preset=\"default\" custom_margin=\"60px||20px||false|false\" global_colors_info=\"{}\" color__hover_enabled=\"off|desktop\"][\/et_pb_divider][et_pb_text module_id=\"international-affiliations\" _builder_version=\"4.21.0\" _module_preset=\"default\" header_2_line_height=\"2em\" custom_margin=\"60px||||false|false\" global_colors_info=\"{}\"]\n<h2>International Affiliations<\/h2>\nThe CSIA is a member of the International Ski Instructors' Association (ISIA), the body encompassing the national ski teaching associations of some 38 alpine nations. The purpose of the ISIA is to provide a forum for the exchange of ideas among countries and to harmonize certification equivalencies with regard to international standards. The member nations meet annually, and every four years at a larger meeting, called Interski Congress, which is held on snow.\n\n&nbsp;\n\n[\/et_pb_text][\/et_pb_column][et_pb_column type=\"1_3\" _builder_version=\"4.21.0\" _module_preset=\"default\" global_colors_info=\"{}\"][et_pb_text _builder_version=\"4.21.0\" _module_preset=\"default\" sticky_position=\"top\" sticky_limit_bottom=\"body\" sticky_position_tablet=\"top\" sticky_position_phone=\"none\" sticky_position_last_edited=\"on|phone\" global_colors_info=\"{}\"]\n<h3 style=\"text-align: left;\">Quick Links<\/h3>\n&nbsp;\n<ul>\n \t<li><a href=\"#who-is-csia\">Who is the CSIA?<\/a><\/li>\n \t<li><a href=\"#mission-statement\">What is our Mission Statement?<\/a><\/li>\n \t<li><a href=\"#diversity-equality\">Diversity and Equality<\/a><\/li>\n \t<li><a href=\"#what-do-we-offer\">What do we Offer?<\/a><\/li>\n \t<li><a href=\"#connect-with-canada\">Connect with Regions across Canada<\/a><\/li>\n \t<li><a href=\"#international-affiliations\">International Affiliations<\/a><\/li>\n<\/ul>\n[\/et_pb_text][\/et_pb_column][\/et_pb_row][\/et_pb_section]","_et_gb_content_width":"","footnotes":""},"class_list":["post-428","page","type-page","status-publish","hentry"],"_links":{"self":[{"href":"https:\/\/www.csiacommunique.com\/fr\/wp-json\/wp\/v2\/pages\/428","targetHints":{"allow":["GET"]}}],"collection":[{"href":"https:\/\/www.csiacommunique.com\/fr\/wp-json\/wp\/v2\/pages"}],"about":[{"href":"https:\/\/www.csiacommunique.com\/fr\/wp-json\/wp\/v2\/types\/page"}],"author":[{"embeddable":true,"href":"https:\/\/www.csiacommunique.com\/fr\/wp-json\/wp\/v2\/users\/1"}],"replies":[{"embeddable":true,"href":"https:\/\/www.csiacommunique.com\/fr\/wp-json\/wp\/v2\/comments?post=428"}],"version-history":[{"count":8,"href":"https:\/\/www.csiacommunique.com\/fr\/wp-json\/wp\/v2\/pages\/428\/revisions"}],"predecessor-version":[{"id":521,"href":"https:\/\/www.csiacommunique.com\/fr\/wp-json\/wp\/v2\/pages\/428\/revisions\/521"}],"wp:attachment":[{"href":"https:\/\/www.csiacommunique.com\/fr\/wp-json\/wp\/v2\/media?parent=428"}],"curies":[{"name":"wp","href":"https:\/\/api.w.org\/{rel}","templated":true}]}}